{"id":112,"date":"2026-05-11T20:30:50","date_gmt":"2026-05-11T18:30:50","guid":{"rendered":"https:\/\/www.lemondedeszabeilles.fr\/test\/?page_id=112"},"modified":"2026-05-11T20:35:18","modified_gmt":"2026-05-11T18:35:18","slug":"visite-pedagogique","status":"publish","type":"page","link":"https:\/\/www.lemondedeszabeilles.fr\/test\/visite-pedagogique\/","title":{"rendered":"Visite P\u00e9dagogique : Plong\u00e9e au c\u0153ur de la vie sociale de l\u2019abeille"},"content":{"rendered":"\t\t<div data-elementor-type=\"wp-post\" data-elementor-id=\"112\" class=\"elementor elementor-112\">\n\t\t\t\t<div class=\"elementor-element elementor-element-10ba07d e-flex e-con-boxed e-con e-parent\" data-id=\"10ba07d\" data-element_type=\"container\" data-e-type=\"container\">\n\t\t\t\t\t<div class=\"e-con-inner\">\n\t\t\t\t\t\t\t<h3 \n\t\tdata-interaction-id=\"48ce39e\" \n\t\tclass=\"e-heading-base\" \n\t\t \n\t\t\n\t>\n\t\n\t\t\t<strong id=\"e-mp1iuk5f-7e9gqnt\">Visite P\u00e9dagogique : Plong\u00e9e au c\u0153ur de la vie sociale de l\u2019abeille<\/strong><br>\n\t\t<\/h3>\n\t\t\t\t\t<\/div>\n\t\t\t\t<\/div>\n\t\t<div class=\"elementor-element elementor-element-69f5960 e-flex e-con-boxed e-con e-parent\" data-id=\"69f5960\" data-element_type=\"container\" data-e-type=\"container\">\n\t\t\t\t\t<div class=\"e-con-inner\">\n\t\t\t\t\t<\/div>\n\t\t\t\t<\/div>\n\t\t<div class=\"elementor-element elementor-element-b6f1a73 e-grid e-con-boxed e-con e-parent\" data-id=\"b6f1a73\" data-element_type=\"container\" data-e-type=\"container\">\n\t\t\t\t\t<div class=\"e-con-inner\">\n\t\t\t\t\t\t\t\n\t\t\t<img class=\"e-image-base \" \n\t\t\t\t\tdata-interaction-id=\"e5c7b50\" \n\t\t \n\t\t \n\t\t\t\t\t\t\t\t\tid=\"44\"\n\t\t\t\t\t\t\t\t\t\t\t\tsrc=\"https:\/\/www.lemondedeszabeilles.fr\/test\/wp-content\/uploads\/2026\/05\/telechargement-1.jpg\"\n\t\t\t\t\t\t\t\t\t\t\t\twidth=\"275\"\n\t\t\t\t\t\t\t\t\t\t\t\theight=\"183\"\n\t\t\t\t\t\t\t\t\t\t\t\tsrcset=\"\"\n\t\t\t\t\t\t\t\t\t\t\t\talt=\"\"\n\t\t\t\t\t\t\/>\n\t\t\t\t\t<div class=\"elementor-element elementor-element-444b3f8 elementor-align-center elementor-widget elementor-widget-button\" data-id=\"444b3f8\" data-element_type=\"widget\" data-e-type=\"widget\" data-widget_type=\"button.default\">\n\t\t\t\t\t\t\t\t\t\t<a class=\"elementor-button elementor-button-link elementor-size-sm\" href=\"https:\/\/www.lemondedeszabeilles.fr\/test\/produit\/visite-pedagogique-plongee-au-coeur-de-la-vie-sociale-de-labeille\/\">\n\t\t\t\t\t\t<span class=\"elementor-button-content-wrapper\">\n\t\t\t\t\t\t\t\t\t<span class=\"elementor-button-text\">R\u00e9servez votre session<\/span>\n\t\t\t\t\t<\/span>\n\t\t\t\t\t<\/a>\n\t\t\t\t\t\t\t\t<\/div>\n\t\t\t\t\t<\/div>\n\t\t\t\t<\/div>\n\t\t<div class=\"elementor-element elementor-element-880c4af e-flex e-con-boxed e-con e-parent\" data-id=\"880c4af\" data-element_type=\"container\" data-e-type=\"container\">\n\t\t\t\t\t<div class=\"e-con-inner\">\n\t\t\t\t\t\t\t<h5 \n\t\tdata-interaction-id=\"3f35ef5\" \n\t\tclass=\"e-heading-base\" \n\t\t \n\t\t\n\t>\n\t\n\t\t\t<strong id=\"e-mp1j4pb5-xnrn2gv\">\u00c0 propos du cours:<\/strong><br>\n\t\t<\/h5>\n\t\t\t\t\t<\/div>\n\t\t\t\t<\/div>\n\t\t<div class=\"elementor-element elementor-element-98d2a4f e-flex e-con-boxed e-con e-parent\" data-id=\"98d2a4f\" data-element_type=\"container\" data-e-type=\"container\">\n\t\t\t\t\t<div class=\"e-con-inner\">\n\t\t<div class=\"elementor-element elementor-element-23c147f e-con-full e-flex e-con e-child\" data-id=\"23c147f\" data-element_type=\"container\" data-e-type=\"container\">\n\t\t\t\t\t\t\t\t<p class=\"e-paragraph-base\" data-interaction-id=\"8990d55\"  >\n\t\t\t\t\t\t\t\tVenez d\u00e9couvrir notre exploitation apicole lors d\u2019une immersion d\u2019une demi-journ\u00e9e. Cette activit\u00e9, ancr\u00e9e dans la r\u00e9alit\u00e9 de notre ferme, vous permet d\u2019observer le cycle biologique de nos colonies. \u00c9quip\u00e9s comme des professionnels, nous ouvrirons ensemble les ruches du domaine pour identifier les castes (reine, ouvri\u00e8res, faux-bourdons) et comprendre les \u00e9tapes de production du miel et du pollen. Une exp\u00e9rience sensorielle au plus proche de notre outil de production.\n\t\t\t\t\t<\/p>\n\t\t\t\t<\/div>\n\t\t<div class=\"elementor-element elementor-element-cf24eb7 e-con-full e-flex e-con e-child\" data-id=\"cf24eb7\" data-element_type=\"container\" data-e-type=\"container\">\n\t\t<div class=\"elementor-element elementor-element-113e844 e-con-full e-flex e-con e-child\" data-id=\"113e844\" data-element_type=\"container\" data-e-type=\"container\">\n\t\t\t\t\t\t\t\t<p class=\"e-paragraph-base\" data-interaction-id=\"9849d1d\"  >\n\t\t\t\t\t\t\t\t<strong id=\"e-mp1j68sj-5owms7g\">Ce mat\u00e9riel inclut:<\/strong><br>Pr\u00e9voir des chaussures ferm\u00e9es (obligatoire). Tenue de protection fournie.\n\t\t\t\t\t<\/p>\n\t\t\t\t\t\t\t\t<p class=\"e-paragraph-base\" data-interaction-id=\"bb6251b\"  >\n\t\t\t\t\t\t\t\tSaisissez ici votre paragraphe\n\t\t\t\t\t<\/p>\n\t\t\t\t\t\t\t\t<p class=\"e-paragraph-base\" data-interaction-id=\"5bbdae5\"  >\n\t\t\t\t\t\t\t\t<strong id=\"e-mp1jaqe6-0chvf7q\">Dur\u00e9e:<\/strong><br>1\/2 journ\u00e9e (3h30)\n\t\t\t\t\t<\/p>\n\t\t\t\t\t\t\t\t<p class=\"e-paragraph-base\" data-interaction-id=\"9a7ce45\"  >\n\t\t\t\t\t\t\t\t<strong id=\"e-mp1j6t55-p8oswjx\">Public:<\/strong><br>Curieux<br>familles<br>amoureux de la nature\n\t\t\t\t\t<\/p>\n\t\t\t\t<\/div>\n\t\t\t\t<\/div>\n\t\t\t\t\t<\/div>\n\t\t\t\t<\/div>\n\t\t<div class=\"elementor-element elementor-element-cd2e53b e-flex e-con-boxed e-con e-parent\" data-id=\"cd2e53b\" data-element_type=\"container\" data-e-type=\"container\">\n\t\t\t\t\t<div class=\"e-con-inner\">\n\t\t\t\t\t\t\t\t<p class=\"e-paragraph-base\" data-interaction-id=\"725aa27\"  >\n\t\t\t\t\t\t\t\t<strong id=\"e-mp1jd1m6-tuv8982\">Qu\u2019allez-vous apprendre&nbsp;?<\/strong><br>Identification de la reine et des castes.<br>Compr\u00e9hension du cycle de vie d'une ouvri\u00e8re.<br>Observation de la r\u00e9colte de pollen et nectar par les abeilles.<br>Utilisation du mat\u00e9riel professionnel (enfumoir, l\u00e8ve-cadre).\n\t\t\t\t\t<\/p>\n\t\t\t\t\t<\/div>\n\t\t\t\t<\/div>\n\t\t\t\t<\/div>\n\t\t","protected":false},"excerpt":{"rendered":"<p>Visite P\u00e9dagogique : Plong\u00e9e au c\u0153ur de la vie sociale de l\u2019abeille R\u00e9servez votre session \u00c0 propos du cours: Venez d\u00e9couvrir notre exploitation apicole lors d\u2019une immersion d\u2019une demi-journ\u00e9e. Cette activit\u00e9, ancr\u00e9e dans la r\u00e9alit\u00e9 de notre ferme, vous permet d\u2019observer le cycle biologique de nos colonies. \u00c9quip\u00e9s comme des professionnels, nous ouvrirons ensemble les [&hellip;]<\/p>\n","protected":false},"author":1,"featured_media":0,"parent":0,"menu_order":0,"comment_status":"closed","ping_status":"closed","template":"","meta":{"footnotes":""},"class_list":["post-112","page","type-page","status-publish","hentry"],"_links":{"self":[{"href":"https:\/\/www.lemondedeszabeilles.fr\/test\/wp-json\/wp\/v2\/pages\/112","targetHints":{"allow":["GET"]}}],"collection":[{"href":"https:\/\/www.lemondedeszabeilles.fr\/test\/wp-json\/wp\/v2\/pages"}],"about":[{"href":"https:\/\/www.lemondedeszabeilles.fr\/test\/wp-json\/wp\/v2\/types\/page"}],"author":[{"embeddable":true,"href":"https:\/\/www.lemondedeszabeilles.fr\/test\/wp-json\/wp\/v2\/users\/1"}],"replies":[{"embeddable":true,"href":"https:\/\/www.lemondedeszabeilles.fr\/test\/wp-json\/wp\/v2\/comments?post=112"}],"version-history":[{"count":8,"href":"https:\/\/www.lemondedeszabeilles.fr\/test\/wp-json\/wp\/v2\/pages\/112\/revisions"}],"predecessor-version":[{"id":120,"href":"https:\/\/www.lemondedeszabeilles.fr\/test\/wp-json\/wp\/v2\/pages\/112\/revisions\/120"}],"wp:attachment":[{"href":"https:\/\/www.lemondedeszabeilles.fr\/test\/wp-json\/wp\/v2\/media?parent=112"}],"curies":[{"name":"wp","href":"https:\/\/api.w.org\/{rel}","templated":true}]}}